{"id":1064,"date":"2022-02-24T14:11:37","date_gmt":"2022-02-24T11:11:37","guid":{"rendered":"https:\/\/way2go-project.eu\/elearning\/"},"modified":"2024-08-05T11:32:09","modified_gmt":"2024-08-05T08:32:09","slug":"elearning","status":"publish","type":"page","link":"https:\/\/way2go-project.eu\/tr\/elearning\/","title":{"rendered":"E-platform"},"content":{"rendered":"<div>\n<p>WAY2GO \u00e7evrimi\u00e7i platformuna ho\u015f geldiniz. Buras\u0131 gen\u00e7lik projeleri ile ilgili olarak gen\u00e7ler ve gen\u00e7lik \u00e7al\u0131\u015fanlar\u0131 aras\u0131ndaki etkile\u015fimleri ve i\u015fbirliklerini kolayla\u015ft\u0131rmak i\u00e7in kullan\u0131c\u0131 dostu ve eri\u015filebilir bir \u00e7evrimi\u00e7i platform (uygulama taraf\u0131ndan desteklenir).<\/p>\n<p>Bu platformda gen\u00e7lik \u00e7al\u0131\u015fanlar\u0131n\u0131n yararlanabilecekleri karma engel gruplar\u0131ndan gen\u00e7lerin ihtiya\u00e7lar\u0131na uyarlanm\u0131\u015f kapsay\u0131c\u0131 y\u00f6ntemler, kapsay\u0131c\u0131 gen\u00e7lik projelerinin ad\u0131m ad\u0131m nas\u0131l organize edilece\u011fine dair bir k\u0131lavuz ve Engellilik, Kapsay\u0131c\u0131l\u0131k, \u00c7e\u015fitlilik ve Eri\u015filebilirlik temalar\u0131nda \u00fccretsiz e\u011fitim kaynaklar\u0131 yer alacakt\u0131r. Ayr\u0131ca platformun amac\u0131, yeni AB f\u0131rsatlar\u0131 i\u00e7in a\u00e7\u0131k \u00e7a\u011fr\u0131lar\u0131 payla\u015f\u0131rken potansiyel proje ortaklar\u0131n\u0131 ve kat\u0131l\u0131mc\u0131lar\u0131 bir araya getirmektir.<\/p>\n<\/div>\n<p>\n    <a href=\"https:\/\/e-learning.way2go-project.eu\/tr\">E-platformu ziyaret edin<\/a>\n<\/p>\n<p><img decoding=\"async\" src=\"\/wp-content\/uploads\/2023\/06\/elearning-15.png\" alt=\"\"><\/p>\n<p><!--more--><br \/>\n<!-- {\"type\":\"layout\",\"children\":[{\"type\":\"section\",\"props\":{\"image_position\":\"center-center\",\"padding\":\"small\",\"padding_remove_bottom\":false,\"padding_remove_top\":true,\"style\":\"default\",\"title_breakpoint\":\"xl\",\"title_position\":\"top-left\",\"title_rotation\":\"left\",\"vertical_align\":\"middle\",\"width\":\"default\"},\"children\":[{\"type\":\"row\",\"children\":[{\"type\":\"column\",\"props\":{\"image_position\":\"center-center\",\"media_overlay_gradient\":\"\",\"position_sticky_breakpoint\":\"m\"},\"children\":[{\"type\":\"headline\",\"props\":{\"css\":\".el-element{\\n\\ttext-transform: uppercase;\\n}\",\"title_color\":\"secondary\",\"title_element\":\"h1\"},\"source\":{\"query\":{\"name\":\"pages.singlePage\"},\"props\":{\"content\":{\"filters\":{\"search\":\"\"},\"name\":\"title\"}}}}]}]}]},{\"type\":\"section\",\"props\":{\"css\":\".el-section{\\n\\tbackground: #d4cdf9;\\n}\",\"image_position\":\"center-center\",\"style\":\"default\",\"title_breakpoint\":\"xl\",\"title_position\":\"top-left\",\"title_rotation\":\"left\",\"vertical_align\":\"middle\",\"width\":\"default\"},\"children\":[{\"type\":\"row\",\"props\":{\"layout\":\"2-3,1-3\"},\"children\":[{\"type\":\"column\",\"props\":{\"image_position\":\"center-center\",\"media_overlay_gradient\":\"\",\"position_sticky_breakpoint\":\"m\",\"vertical_align\":\"middle\",\"width_medium\":\"2-3\"},\"children\":[{\"type\":\"text\",\"props\":{\"column_breakpoint\":\"m\",\"content\":\"\n\n<p>WAY2GO \\u00e7evrimi\\u00e7i platformuna ho\\u015f geldiniz. Buras\\u0131 gen\\u00e7lik projeleri ile ilgili olarak gen\\u00e7ler ve gen\\u00e7lik \\u00e7al\\u0131\\u015fanlar\\u0131 aras\\u0131ndaki etkile\\u015fimleri ve i\\u015fbirliklerini kolayla\\u015ft\\u0131rmak i\\u00e7in kullan\\u0131c\\u0131 dostu ve eri\\u015filebilir bir \\u00e7evrimi\\u00e7i platform (uygulama taraf\\u0131ndan desteklenir).<\\\/p>\\n\n\n<p><br \\\/>Bu platformda gen\\u00e7lik \\u00e7al\\u0131\\u015fanlar\\u0131n\\u0131n yararlanabilecekleri karma engel gruplar\\u0131ndan gen\\u00e7lerin ihtiya\\u00e7lar\\u0131na uyarlanm\\u0131\\u015f kapsay\\u0131c\\u0131 y\\u00f6ntemler, kapsay\\u0131c\\u0131 gen\\u00e7lik projelerinin ad\\u0131m ad\\u0131m nas\\u0131l organize edilece\\u011fine dair bir k\\u0131lavuz ve Engellilik, Kapsay\\u0131c\\u0131l\\u0131k, \\u00c7e\\u015fitlilik ve Eri\\u015filebilirlik temalar\\u0131nda \\u00fccretsiz e\\u011fitim kaynaklar\\u0131 yer alacakt\\u0131r. Ayr\\u0131ca platformun amac\\u0131, yeni AB f\\u0131rsatlar\\u0131 i\\u00e7in a\\u00e7\\u0131k \\u00e7a\\u011fr\\u0131lar\\u0131 payla\\u015f\\u0131rken potansiyel proje ortaklar\\u0131n\\u0131 ve kat\\u0131l\\u0131mc\\u0131lar\\u0131 bir araya getirmektir.<\\\/p>\",\"margin\":\"default\"}},{\"type\":\"button\",\"props\":{\"grid_column_gap\":\"small\",\"grid_row_gap\":\"small\",\"margin\":\"default\"},\"children\":[{\"type\":\"button_item\",\"props\":{\"button_style\":\"primary\",\"content\":\"E-platformu ziyaret edin\",\"icon_align\":\"left\",\"link\":\"https:\\\/\\\/e-learning.way2go-project.eu\\\/tr\",\"link_target\":\"blank\"}}],\"name\":\"BUTTON - Visit e-learning\"}]},{\"type\":\"column\",\"props\":{\"image_position\":\"center-center\",\"media_overlay_gradient\":\"\",\"position_sticky_breakpoint\":\"m\",\"width_medium\":\"1-3\"},\"children\":[{\"type\":\"image\",\"props\":{\"image\":\"wp-content\\\/uploads\\\/2023\\\/06\\\/elearning-15.png\",\"image_svg_color\":\"emphasis\",\"margin\":\"default\"}}]}]}]}],\"version\":\"3.0.20\"} --><\/p>\n","protected":false},"excerpt":{"rendered":"<p>WAY2GO \u00e7evrimi\u00e7i platformuna ho\u015f geldiniz. Buras\u0131 gen\u00e7lik projeleri ile ilgili olarak gen\u00e7ler ve gen\u00e7lik \u00e7al\u0131\u015fanlar\u0131 aras\u0131ndaki etkile\u015fimleri ve i\u015fbirliklerini kolayla\u015ft\u0131rmak i\u00e7in kullan\u0131c\u0131 dostu ve eri\u015filebilir..<\/p>\n","protected":false},"author":1,"featured_media":0,"parent":0,"menu_order":0,"comment_status":"closed","ping_status":"closed","template":"","meta":{"_acf_changed":false,"inline_featured_image":false,"footnotes":""},"class_list":["post-1064","page","type-page","status-publish","hentry"],"acf":[],"_links":{"self":[{"href":"https:\/\/way2go-project.eu\/tr\/wp-json\/wp\/v2\/pages\/1064","targetHints":{"allow":["GET"]}}],"collection":[{"href":"https:\/\/way2go-project.eu\/tr\/wp-json\/wp\/v2\/pages"}],"about":[{"href":"https:\/\/way2go-project.eu\/tr\/wp-json\/wp\/v2\/types\/page"}],"author":[{"embeddable":true,"href":"https:\/\/way2go-project.eu\/tr\/wp-json\/wp\/v2\/users\/1"}],"replies":[{"embeddable":true,"href":"https:\/\/way2go-project.eu\/tr\/wp-json\/wp\/v2\/comments?post=1064"}],"version-history":[{"count":3,"href":"https:\/\/way2go-project.eu\/tr\/wp-json\/wp\/v2\/pages\/1064\/revisions"}],"predecessor-version":[{"id":1394,"href":"https:\/\/way2go-project.eu\/tr\/wp-json\/wp\/v2\/pages\/1064\/revisions\/1394"}],"wp:attachment":[{"href":"https:\/\/way2go-project.eu\/tr\/wp-json\/wp\/v2\/media?parent=1064"}],"curies":[{"name":"wp","href":"https:\/\/api.w.org\/{rel}","templated":true}]}}