{"id":1372,"date":"2022-02-24T14:11:37","date_gmt":"2022-02-24T11:11:37","guid":{"rendered":"https:\/\/way2go-project.eu\/elearning\/"},"modified":"2024-08-05T11:31:17","modified_gmt":"2024-08-05T08:31:17","slug":"elearning","status":"publish","type":"page","link":"https:\/\/way2go-project.eu\/sv\/elearning\/","title":{"rendered":"e-Platform"},"content":{"rendered":"<div>\n<p><span>V\u00e4lkommen till WAY2GO onlineplattform. En inr\u00e4ttad anv\u00e4ndarv\u00e4nlig, tillg\u00e4nglig och relevant onlineplattform (st\u00f6dd av appen) f\u00f6r att underl\u00e4tta interaktioner och samarbeten mellan ungdomar och ungdomsarbetare ang\u00e5ende ungdomsprojekt.<\/span><\/p>\n<p>P\u00e5 denna plattform kan ungdomsarbetare dra nytta av inkluderande metoder anpassade till specifika gruppbehov. Dessutom en steg-f\u00f6r-steg-guide, hur man organiserar inkluderande ungdomsprojekt och gratis utbildningsresurser f\u00f6r funktionshinder, inkludering, m\u00e5ngfald och tillg\u00e4nglighet. Dessutom \u00e4r syftet med plattformen att f\u00f6ra samman potentiella partners och deltagare samtidigt som de delar \u00f6ppna uppmaningar till nya EU-m\u00f6jligheter.<\/p>\n<\/div>\n<p>\n    <a href=\"https:\/\/e-learning.way2go-project.eu\/sv\">Bes\u00f6k e-plattformen<\/a>\n<\/p>\n<p><img decoding=\"async\" src=\"\/wp-content\/uploads\/2023\/06\/elearning-15.png\" alt=\"\"><\/p>\n<p><!--more--><br \/>\n<!-- {\"type\":\"layout\",\"children\":[{\"type\":\"section\",\"props\":{\"image_position\":\"center-center\",\"padding\":\"small\",\"padding_remove_bottom\":false,\"padding_remove_top\":true,\"style\":\"default\",\"title_breakpoint\":\"xl\",\"title_position\":\"top-left\",\"title_rotation\":\"left\",\"vertical_align\":\"middle\",\"width\":\"default\"},\"children\":[{\"type\":\"row\",\"children\":[{\"type\":\"column\",\"props\":{\"image_position\":\"center-center\",\"media_overlay_gradient\":\"\",\"position_sticky_breakpoint\":\"m\"},\"children\":[{\"type\":\"headline\",\"props\":{\"css\":\".el-element{\\n\\ttext-transform: uppercase;\\n}\",\"title_color\":\"secondary\",\"title_element\":\"h1\"},\"source\":{\"query\":{\"name\":\"pages.singlePage\"},\"props\":{\"content\":{\"filters\":{\"search\":\"\"},\"name\":\"title\"}}}}]}]}]},{\"type\":\"section\",\"props\":{\"css\":\".el-section{\\n\\tbackground: #d4cdf9;\\n}\",\"image_position\":\"center-center\",\"style\":\"default\",\"title_breakpoint\":\"xl\",\"title_position\":\"top-left\",\"title_rotation\":\"left\",\"vertical_align\":\"middle\",\"width\":\"default\"},\"children\":[{\"type\":\"row\",\"props\":{\"layout\":\"2-3,1-3\"},\"children\":[{\"type\":\"column\",\"props\":{\"image_position\":\"center-center\",\"media_overlay_gradient\":\"\",\"position_sticky_breakpoint\":\"m\",\"vertical_align\":\"middle\",\"width_medium\":\"2-3\"},\"children\":[{\"type\":\"text\",\"props\":{\"column_breakpoint\":\"m\",\"content\":\"\n\n<p><span>V\\u00e4lkommen till WAY2GO onlineplattform. En inr\\u00e4ttad anv\\u00e4ndarv\\u00e4nlig, tillg\\u00e4nglig och relevant onlineplattform (st\\u00f6dd av appen) f\\u00f6r att underl\\u00e4tta interaktioner och samarbeten mellan ungdomar och ungdomsarbetare ang\\u00e5ende ungdomsprojekt.<\\\/span><\\\/p>\\n\\n\n\n<p>P\\u00e5 denna plattform kan ungdomsarbetare dra nytta av inkluderande metoder anpassade till specifika gruppbehov. Dessutom en steg-f\\u00f6r-steg-guide, hur man organiserar inkluderande ungdomsprojekt och gratis utbildningsresurser f\\u00f6r funktionshinder, inkludering, m\\u00e5ngfald och tillg\\u00e4nglighet. Dessutom \\u00e4r syftet med plattformen att f\\u00f6ra samman potentiella partners och deltagare samtidigt som de delar \\u00f6ppna uppmaningar till nya EU-m\\u00f6jligheter.<\\\/p>\",\"margin\":\"default\"}},{\"type\":\"button\",\"props\":{\"grid_column_gap\":\"small\",\"grid_row_gap\":\"small\",\"margin\":\"default\"},\"children\":[{\"type\":\"button_item\",\"props\":{\"button_style\":\"primary\",\"content\":\"Bes\\u00f6k e-plattformen\",\"icon_align\":\"left\",\"link\":\"https:\\\/\\\/e-learning.way2go-project.eu\\\/sv\",\"link_target\":\"blank\"}}],\"name\":\"BUTTON - Visit e-learning\"}]},{\"type\":\"column\",\"props\":{\"image_position\":\"center-center\",\"media_overlay_gradient\":\"\",\"position_sticky_breakpoint\":\"m\",\"width_medium\":\"1-3\"},\"children\":[{\"type\":\"image\",\"props\":{\"image\":\"wp-content\\\/uploads\\\/2023\\\/06\\\/elearning-15.png\",\"image_svg_color\":\"emphasis\",\"margin\":\"default\"}}]}]}]}],\"version\":\"3.0.20\"} --><\/p>\n","protected":false},"excerpt":{"rendered":"<p>V\u00e4lkommen till WAY2GO onlineplattform. En inr\u00e4ttad anv\u00e4ndarv\u00e4nlig, tillg\u00e4nglig och relevant onlineplattform (st\u00f6dd av appen) f\u00f6r att underl\u00e4tta interaktioner och samarbeten mellan ungdomar och ungdomsarbetare ang\u00e5ende..<\/p>\n","protected":false},"author":1,"featured_media":0,"parent":0,"menu_order":0,"comment_status":"closed","ping_status":"closed","template":"","meta":{"_acf_changed":false,"inline_featured_image":false,"footnotes":""},"class_list":["post-1372","page","type-page","status-publish","hentry"],"acf":[],"_links":{"self":[{"href":"https:\/\/way2go-project.eu\/sv\/wp-json\/wp\/v2\/pages\/1372","targetHints":{"allow":["GET"]}}],"collection":[{"href":"https:\/\/way2go-project.eu\/sv\/wp-json\/wp\/v2\/pages"}],"about":[{"href":"https:\/\/way2go-project.eu\/sv\/wp-json\/wp\/v2\/types\/page"}],"author":[{"embeddable":true,"href":"https:\/\/way2go-project.eu\/sv\/wp-json\/wp\/v2\/users\/1"}],"replies":[{"embeddable":true,"href":"https:\/\/way2go-project.eu\/sv\/wp-json\/wp\/v2\/comments?post=1372"}],"version-history":[{"count":1,"href":"https:\/\/way2go-project.eu\/sv\/wp-json\/wp\/v2\/pages\/1372\/revisions"}],"predecessor-version":[{"id":1393,"href":"https:\/\/way2go-project.eu\/sv\/wp-json\/wp\/v2\/pages\/1372\/revisions\/1393"}],"wp:attachment":[{"href":"https:\/\/way2go-project.eu\/sv\/wp-json\/wp\/v2\/media?parent=1372"}],"curies":[{"name":"wp","href":"https:\/\/api.w.org\/{rel}","templated":true}]}}