{"id":1063,"date":"2022-02-24T14:11:37","date_gmt":"2022-02-24T11:11:37","guid":{"rendered":"https:\/\/way2go-project.eu\/elearning\/"},"modified":"2024-08-05T11:29:03","modified_gmt":"2024-08-05T08:29:03","slug":"elearning","status":"publish","type":"page","link":"https:\/\/way2go-project.eu\/sl\/elearning\/","title":{"rendered":"Spletna platforma"},"content":{"rendered":"<div>\n<p>Dobrodo\u0161li na spletni platformi WAY2GO. Gre za uporabniku prijazno in dostopno spletno platformo (ki je podprta tudi s sorodno aplikacijo), namenjeno predvsem temu, da olaj\u0161a interakcije in sodelovanja med mladimi in mladinskimi delavci na podro\u010dju mladinskih projektov.<\/p>\n<p>Na tej platformi se lahko mladinski delavci spoznajo z raznolikimi vklju\u010dujo\u010dimi metodami dela, ki jih lahko prilagodijo potrebam svojih ciljnih skupin. Prav tako doti\u010dna spletna platforma nudi vodnik, ki vsebuje smernice o tem, kako organizirati (bolj) vklju\u010dujo\u010de mladinske projekte, ponuja pa tudi dostop do brezpla\u010dnih izobra\u017eevalnih virov, na temo invalidnosti, inkluzije, raznolikosti in dostopnosti. Zraven vsega na\u0161tetega, je cilj te spletne platforme zdru\u017eiti potencialne partnerje in udele\u017eence, ob izmenjavi odprtih razpisov za nove prilo\u017enosti na obmo\u010dju EU.<\/p>\n<\/div>\n<p>\n    <a href=\"https:\/\/e-learning.way2go-project.eu\/sl\">Obi\u0161\u010dite e-platformo<\/a>\n<\/p>\n<p><img decoding=\"async\" src=\"\/wp-content\/uploads\/2023\/06\/elearning-15.png\" alt=\"\"><\/p>\n<p><!--more--><br \/>\n<!-- {\"type\":\"layout\",\"children\":[{\"type\":\"section\",\"props\":{\"image_position\":\"center-center\",\"padding\":\"small\",\"padding_remove_bottom\":false,\"padding_remove_top\":true,\"style\":\"default\",\"title_breakpoint\":\"xl\",\"title_position\":\"top-left\",\"title_rotation\":\"left\",\"vertical_align\":\"middle\",\"width\":\"default\"},\"children\":[{\"type\":\"row\",\"children\":[{\"type\":\"column\",\"props\":{\"image_position\":\"center-center\",\"media_overlay_gradient\":\"\",\"position_sticky_breakpoint\":\"m\"},\"children\":[{\"type\":\"headline\",\"props\":{\"css\":\".el-element{\\n\\ttext-transform: uppercase;\\n}\",\"title_color\":\"secondary\",\"title_element\":\"h1\"},\"source\":{\"query\":{\"name\":\"pages.singlePage\"},\"props\":{\"content\":{\"filters\":{\"search\":\"\"},\"name\":\"title\"}}}}]}]}]},{\"type\":\"section\",\"props\":{\"css\":\".el-section{\\n\\tbackground: #d4cdf9;\\n}\",\"image_position\":\"center-center\",\"style\":\"default\",\"title_breakpoint\":\"xl\",\"title_position\":\"top-left\",\"title_rotation\":\"left\",\"vertical_align\":\"middle\",\"width\":\"default\"},\"children\":[{\"type\":\"row\",\"props\":{\"layout\":\"2-3,1-3\"},\"children\":[{\"type\":\"column\",\"props\":{\"image_position\":\"center-center\",\"media_overlay_gradient\":\"\",\"position_sticky_breakpoint\":\"m\",\"vertical_align\":\"middle\",\"width_medium\":\"2-3\"},\"children\":[{\"type\":\"text\",\"props\":{\"column_breakpoint\":\"m\",\"content\":\"\n\n<p>Dobrodo\\u0161li na spletni platformi WAY2GO. Gre za uporabniku prijazno in dostopno spletno platformo (ki je podprta tudi s sorodno aplikacijo), namenjeno predvsem temu, da olaj\\u0161a interakcije in sodelovanja med mladimi in mladinskimi delavci na podro\\u010dju mladinskih projektov.<\\\/p>\\n\n\n<p><br \\\/>Na tej platformi se lahko mladinski delavci spoznajo z raznolikimi vklju\\u010dujo\\u010dimi metodami dela, ki jih lahko prilagodijo potrebam svojih ciljnih skupin. Prav tako doti\\u010dna spletna platforma nudi vodnik, ki vsebuje smernice o tem, kako organizirati (bolj) vklju\\u010dujo\\u010de mladinske projekte, ponuja pa tudi dostop do brezpla\\u010dnih izobra\\u017eevalnih virov, na temo invalidnosti, inkluzije, raznolikosti in dostopnosti. Zraven vsega na\\u0161tetega, je cilj te spletne platforme zdru\\u017eiti potencialne partnerje in udele\\u017eence, ob izmenjavi odprtih razpisov za nove prilo\\u017enosti na obmo\\u010dju EU.<\\\/p>\",\"margin\":\"default\"}},{\"type\":\"button\",\"props\":{\"grid_column_gap\":\"small\",\"grid_row_gap\":\"small\",\"margin\":\"default\"},\"children\":[{\"type\":\"button_item\",\"props\":{\"button_style\":\"primary\",\"content\":\"Obi\\u0161\\u010dite e-platformo\",\"icon_align\":\"left\",\"link\":\"https:\\\/\\\/e-learning.way2go-project.eu\\\/sl\",\"link_target\":\"blank\"}}],\"name\":\"BUTTON - Visit e-learning\"}]},{\"type\":\"column\",\"props\":{\"image_position\":\"center-center\",\"media_overlay_gradient\":\"\",\"position_sticky_breakpoint\":\"m\",\"width_medium\":\"1-3\"},\"children\":[{\"type\":\"image\",\"props\":{\"image\":\"wp-content\\\/uploads\\\/2023\\\/06\\\/elearning-15.png\",\"image_svg_color\":\"emphasis\",\"margin\":\"default\"}}]}]}]}],\"version\":\"3.0.20\"} --><\/p>\n","protected":false},"excerpt":{"rendered":"<p>Dobrodo\u0161li na spletni platformi WAY2GO. Gre za uporabniku prijazno in dostopno spletno platformo (ki je podprta tudi s sorodno aplikacijo), namenjeno predvsem temu, da olaj\u0161a..<\/p>\n","protected":false},"author":1,"featured_media":0,"parent":0,"menu_order":0,"comment_status":"closed","ping_status":"closed","template":"","meta":{"_acf_changed":false,"inline_featured_image":false,"footnotes":""},"class_list":["post-1063","page","type-page","status-publish","hentry"],"acf":[],"_links":{"self":[{"href":"https:\/\/way2go-project.eu\/sl\/wp-json\/wp\/v2\/pages\/1063","targetHints":{"allow":["GET"]}}],"collection":[{"href":"https:\/\/way2go-project.eu\/sl\/wp-json\/wp\/v2\/pages"}],"about":[{"href":"https:\/\/way2go-project.eu\/sl\/wp-json\/wp\/v2\/types\/page"}],"author":[{"embeddable":true,"href":"https:\/\/way2go-project.eu\/sl\/wp-json\/wp\/v2\/users\/1"}],"replies":[{"embeddable":true,"href":"https:\/\/way2go-project.eu\/sl\/wp-json\/wp\/v2\/comments?post=1063"}],"version-history":[{"count":3,"href":"https:\/\/way2go-project.eu\/sl\/wp-json\/wp\/v2\/pages\/1063\/revisions"}],"predecessor-version":[{"id":1392,"href":"https:\/\/way2go-project.eu\/sl\/wp-json\/wp\/v2\/pages\/1063\/revisions\/1392"}],"wp:attachment":[{"href":"https:\/\/way2go-project.eu\/sl\/wp-json\/wp\/v2\/media?parent=1063"}],"curies":[{"name":"wp","href":"https:\/\/api.w.org\/{rel}","templated":true}]}}