{"id":1079,"date":"2022-02-24T14:11:37","date_gmt":"2022-02-24T11:11:37","guid":{"rendered":"https:\/\/way2go-project.eu\/home\/"},"modified":"2023-08-31T07:56:23","modified_gmt":"2023-08-31T07:56:23","slug":"home","status":"publish","type":"page","link":"https:\/\/way2go-project.eu\/pt-pt\/","title":{"rendered":"In\u00edcio"},"content":{"rendered":"<h1>Treino e Capacita\u00e7\u00e3o <br \/>de Embaixadores de Acessibilidade <br \/>Jovem para Projetos Europeus<\/h1>\n<p>\n    <a href=\"\/pt-pt\/about\/\">Aprende mais<\/a>\n<\/p>\n<h2>Publica\u00e7\u00f5es recentes<\/h2>\n<div>\n<\/div>\n<p>\n    <a href=\"\">V\u00ea aqui todas as novidades<\/a>\n<\/p>\n<p><!--more--><br \/>\n<!-- {\"type\":\"layout\",\"children\":[{\"type\":\"section\",\"props\":{\"animation\":\"fade\",\"css\":\"@media(max-width: 600px){\\n    .el-section .uk-background-norepeat{\\n    \\tbackground-size: contain!important;\\n    }\\n}\\n    \",\"height\":\"full\",\"image\":\"wp-content\\\/uploads\\\/2023\\\/06\\\/intro-img.png\",\"image_position\":\"bottom-center\",\"style\":\"default\",\"title_breakpoint\":\"xl\",\"title_position\":\"top-left\",\"title_rotation\":\"left\",\"vertical_align\":\"\",\"width\":\"default\"},\"children\":[{\"type\":\"row\",\"children\":[{\"type\":\"column\",\"props\":{\"image_position\":\"center-center\",\"media_overlay_gradient\":\"\",\"position_sticky_breakpoint\":\"m\"},\"children\":[{\"type\":\"headline\",\"props\":{\"content\":\"Treino e Capacita\\u00e7\\u00e3o <br \\\/>de Embaixadores de Acessibilidade <br \\\/>Jovem para Projetos Europeus\",\"css\":\"@media(max-width: 600px){\\n    .el-element{\\n    \\tfont-size: 25px;\\n    }\\n}\",\"text_align\":\"center\",\"title_element\":\"h1\"}},{\"type\":\"button\",\"props\":{\"grid_column_gap\":\"small\",\"grid_row_gap\":\"small\",\"margin\":\"medium\",\"margin_remove_bottom\":true,\"text_align\":\"center\"},\"children\":[{\"type\":\"button_item\",\"props\":{\"button_style\":\"primary\",\"content\":\"Aprende mais\",\"icon_align\":\"left\",\"link\":\"pt-pt\\\/about\\\/\"}}]}]}]}]},{\"type\":\"section\",\"props\":{\"css\":\".el-section{\\n\\tbackground-color: #d4cdf9;\\n    border-bottom: 4px solid #404040;\\n}\\n\\n    \\n@media(max-width: 600px){\\n    .el-section .uk-background-norepeat{\\n    \\tbackground-size: contain!important;\\n        padding: 45px!important;\\n    }\\n}\\n    \",\"image\":\"wp-content\\\/uploads\\\/2023\\\/06\\\/intro-img-bot-06.png\",\"image_position\":\"bottom-center\",\"padding\":\"xlarge\",\"style\":\"default\",\"title_breakpoint\":\"xl\",\"title_position\":\"top-left\",\"title_rotation\":\"left\",\"vertical_align\":\"middle\",\"width\":\"default\"},\"children\":[{\"type\":\"row\",\"children\":[{\"type\":\"column\",\"props\":{\"image_position\":\"center-center\",\"media_overlay_gradient\":\"\",\"position_sticky_breakpoint\":\"m\"},\"children\":[]}]}]},{\"type\":\"section\",\"props\":{\"animation\":\"fade\",\"css\":\".el-section{\\n\\tbackground-color: #d4cdf9;\\n}\",\"image_position\":\"center-center\",\"style\":\"default\",\"title_breakpoint\":\"xl\",\"title_position\":\"top-left\",\"title_rotation\":\"left\",\"vertical_align\":\"middle\",\"width\":\"default\"},\"children\":[{\"type\":\"row\",\"children\":[{\"type\":\"column\",\"props\":{\"image_position\":\"center-center\",\"media_overlay_gradient\":\"\",\"position_sticky_breakpoint\":\"m\"},\"children\":[{\"type\":\"headline\",\"props\":{\"content\":\"Publica\\u00e7\\u00f5es recentes\",\"css\":\".el-element{\\n\\tfont-weight: bolder;\\n}\",\"margin\":\"medium\",\"margin_remove_top\":true,\"text_align\":\"center\",\"title_element\":\"h2\",\"title_style\":\"h2\"}},{\"type\":\"grid\",\"props\":{\"animation\":\"slide-bottom-small\",\"class\":\"news-grid\",\"content_column_breakpoint\":\"m\",\"css\":\".uk-child-width-1-1.uk-child-width-1-3\\\\@m.uk-grid-match.uk-grid {\\n  display: flex;\\n  justify-content: center;\\n}\\n\\n@media(max-width: 600px){\\n    .el-image{\\n    \\tmax-width: 50%;\\n    }\\n}\\n    \",\"filter_align\":\"left\",\"filter_all\":true,\"filter_grid_breakpoint\":\"m\",\"filter_grid_width\":\"auto\",\"filter_position\":\"top\",\"filter_style\":\"tab\",\"grid_default\":\"1\",\"grid_medium\":\"3\",\"icon_width\":80,\"image_align\":\"top\",\"image_grid_breakpoint\":\"m\",\"image_grid_width\":\"1-2\",\"image_svg_color\":\"emphasis\",\"item_animation\":true,\"link_style\":\"secondary\",\"link_text\":\"\",\"margin\":\"default\",\"meta_align\":\"below-title\",\"meta_element\":\"div\",\"meta_style\":\"text-meta\",\"panel_link\":true,\"panel_style\":\"card-default\",\"parallax_easing\":\"1\",\"show_content\":true,\"show_image\":true,\"show_link\":true,\"show_meta\":true,\"show_title\":true,\"title_align\":\"top\",\"title_element\":\"h3\",\"title_grid_breakpoint\":\"m\",\"title_grid_width\":\"1-2\",\"title_hover_style\":\"reset\"},\"children\":[{\"type\":\"grid_item\",\"props\":{\"link_text\":\"\"},\"source\":{\"query\":{\"name\":\"posts.customPosts\",\"arguments\":{\"terms\":[10],\"category_operator\":\"IN\",\"post_tag_operator\":\"IN\",\"users\":[],\"users_operator\":\"IN\",\"offset\":0,\"limit\":10,\"order\":\"date\",\"order_direction\":\"DESC\"}},\"props\":{\"title\":{\"filters\":{\"search\":\"\"},\"name\":\"title\"},\"content\":{\"filters\":{\"search\":\"\"},\"name\":\"excerpt\"},\"image\":{\"filters\":{\"search\":\"\"},\"name\":\"featuredImage.url\"},\"link\":{\"filters\":{\"search\":\"\"},\"name\":\"link\"}}}}]},{\"type\":\"button\",\"props\":{\"grid_column_gap\":\"small\",\"grid_row_gap\":\"small\",\"margin\":\"default\",\"text_align\":\"center\"},\"children\":[{\"type\":\"button_item\",\"props\":{\"button_style\":\"primary\",\"content\":\"[all_news_header]\",\"icon_align\":\"left\",\"link_title\":\"\"},\"source\":{\"query\":{\"name\":\"categories.customCategory\",\"arguments\":{\"id\":79}},\"props\":{\"link\":{\"filters\":{\"search\":\"\"},\"name\":\"link\"}}}}]}]}]}]}],\"version\":\"3.0.20\"} --><\/p>\n","protected":false},"excerpt":{"rendered":"<p>Treino e Capacita\u00e7\u00e3o de Embaixadores de Acessibilidade Jovem para Projetos Europeus Aprende mais Publica\u00e7\u00f5es recentes<\/p>\n","protected":false},"author":1,"featured_media":0,"parent":0,"menu_order":0,"comment_status":"closed","ping_status":"closed","template":"","meta":{"_acf_changed":false,"inline_featured_image":false,"footnotes":""},"class_list":["post-1079","page","type-page","status-publish","hentry"],"acf":[],"_links":{"self":[{"href":"https:\/\/way2go-project.eu\/pt-pt\/wp-json\/wp\/v2\/pages\/1079","targetHints":{"allow":["GET"]}}],"collection":[{"href":"https:\/\/way2go-project.eu\/pt-pt\/wp-json\/wp\/v2\/pages"}],"about":[{"href":"https:\/\/way2go-project.eu\/pt-pt\/wp-json\/wp\/v2\/types\/page"}],"author":[{"embeddable":true,"href":"https:\/\/way2go-project.eu\/pt-pt\/wp-json\/wp\/v2\/users\/1"}],"replies":[{"embeddable":true,"href":"https:\/\/way2go-project.eu\/pt-pt\/wp-json\/wp\/v2\/comments?post=1079"}],"version-history":[{"count":6,"href":"https:\/\/way2go-project.eu\/pt-pt\/wp-json\/wp\/v2\/pages\/1079\/revisions"}],"predecessor-version":[{"id":1201,"href":"https:\/\/way2go-project.eu\/pt-pt\/wp-json\/wp\/v2\/pages\/1079\/revisions\/1201"}],"wp:attachment":[{"href":"https:\/\/way2go-project.eu\/pt-pt\/wp-json\/wp\/v2\/media?parent=1079"}],"curies":[{"name":"wp","href":"https:\/\/api.w.org\/{rel}","templated":true}]}}