{"id":1062,"date":"2022-02-24T14:11:37","date_gmt":"2022-02-24T11:11:37","guid":{"rendered":"https:\/\/way2go-project.eu\/elearning\/"},"modified":"2024-08-05T11:28:16","modified_gmt":"2024-08-05T08:28:16","slug":"elearning","status":"publish","type":"page","link":"https:\/\/way2go-project.eu\/pt-pt\/elearning\/","title":{"rendered":"Plataforma Online"},"content":{"rendered":"<div>\n<p>Bem-vindo \u00e0 plataforma em linha WAY2GO. Uma plataforma em linha de f\u00e1cil utiliza\u00e7\u00e3o, acess\u00edvel e relevante (apoiada pela aplica\u00e7\u00e3o) para facilitar as interac\u00e7\u00f5es e a coopera\u00e7\u00e3o entre os jovens e os animadores de juventude no que diz respeito aos projectos de juventude.<\/p>\n<p>Nesta plataforma, os t\u00e9cnicos de juventude podem beneficiar de m\u00e9todos inclusivos adaptados \u00e0s necessidades espec\u00edficas do grupo. Al\u00e9m disso, um guia passo a passo sobre como organizar projectos inclusivos para jovens e recursos educativos gratuitos para a defici\u00eancia, a inclus\u00e3o, a diversidade e a acessibilidade. Al\u00e9m disso, o objetivo da plataforma \u00e9 reunir potenciais parceiros e participantes e partilhar convites abertos para novas oportunidades da UE.<\/p>\n<\/div>\n<p>\n    <a href=\"https:\/\/e-learning.way2go-project.eu\/pt\">Visite a plataforma<\/a>\n<\/p>\n<p><img decoding=\"async\" src=\"\/wp-content\/uploads\/2023\/06\/elearning-15.png\" alt=\"\"><\/p>\n<p><!--more--><br \/>\n<!-- {\"type\":\"layout\",\"children\":[{\"type\":\"section\",\"props\":{\"image_position\":\"center-center\",\"padding\":\"small\",\"padding_remove_bottom\":false,\"padding_remove_top\":true,\"style\":\"default\",\"title_breakpoint\":\"xl\",\"title_position\":\"top-left\",\"title_rotation\":\"left\",\"vertical_align\":\"middle\",\"width\":\"default\"},\"children\":[{\"type\":\"row\",\"children\":[{\"type\":\"column\",\"props\":{\"image_position\":\"center-center\",\"media_overlay_gradient\":\"\",\"position_sticky_breakpoint\":\"m\"},\"children\":[{\"type\":\"headline\",\"props\":{\"css\":\".el-element{\\n\\ttext-transform: uppercase;\\n}\",\"title_color\":\"secondary\",\"title_element\":\"h1\"},\"source\":{\"query\":{\"name\":\"pages.singlePage\"},\"props\":{\"content\":{\"filters\":{\"search\":\"\"},\"name\":\"title\"}}}}]}]}]},{\"type\":\"section\",\"props\":{\"css\":\".el-section{\\n\\tbackground: #d4cdf9;\\n}\",\"image_position\":\"center-center\",\"style\":\"default\",\"title_breakpoint\":\"xl\",\"title_position\":\"top-left\",\"title_rotation\":\"left\",\"vertical_align\":\"middle\",\"width\":\"default\"},\"children\":[{\"type\":\"row\",\"props\":{\"layout\":\"2-3,1-3\"},\"children\":[{\"type\":\"column\",\"props\":{\"image_position\":\"center-center\",\"media_overlay_gradient\":\"\",\"position_sticky_breakpoint\":\"m\",\"vertical_align\":\"middle\",\"width_medium\":\"2-3\"},\"children\":[{\"type\":\"text\",\"props\":{\"column_breakpoint\":\"m\",\"content\":\"\n\n<p>Bem-vindo \\u00e0 plataforma em linha WAY2GO. Uma plataforma em linha de f\\u00e1cil utiliza\\u00e7\\u00e3o, acess\\u00edvel e relevante (apoiada pela aplica\\u00e7\\u00e3o) para facilitar as interac\\u00e7\\u00f5es e a coopera\\u00e7\\u00e3o entre os jovens e os animadores de juventude no que diz respeito aos projectos de juventude.<\\\/p>\\n\n\n<p><br \\\/>Nesta plataforma, os t\\u00e9cnicos de juventude podem beneficiar de m\\u00e9todos inclusivos adaptados \\u00e0s necessidades espec\\u00edficas do grupo. Al\\u00e9m disso, um guia passo a passo sobre como organizar projectos inclusivos para jovens e recursos educativos gratuitos para a defici\\u00eancia, a inclus\\u00e3o, a diversidade e a acessibilidade. Al\\u00e9m disso, o objetivo da plataforma \\u00e9 reunir potenciais parceiros e participantes e partilhar convites abertos para novas oportunidades da UE.<\\\/p>\",\"margin\":\"default\"}},{\"type\":\"button\",\"props\":{\"grid_column_gap\":\"small\",\"grid_row_gap\":\"small\",\"margin\":\"default\"},\"children\":[{\"type\":\"button_item\",\"props\":{\"button_style\":\"primary\",\"content\":\"Visite a plataforma\",\"icon_align\":\"left\",\"link\":\"https:\\\/\\\/e-learning.way2go-project.eu\\\/pt\",\"link_target\":\"blank\"}}],\"name\":\"BUTTON - Visit e-learning\"}]},{\"type\":\"column\",\"props\":{\"image_position\":\"center-center\",\"media_overlay_gradient\":\"\",\"position_sticky_breakpoint\":\"m\",\"width_medium\":\"1-3\"},\"children\":[{\"type\":\"image\",\"props\":{\"image\":\"wp-content\\\/uploads\\\/2023\\\/06\\\/elearning-15.png\",\"image_svg_color\":\"emphasis\",\"margin\":\"default\"}}]}]}]}],\"version\":\"3.0.20\"} --><\/p>\n","protected":false},"excerpt":{"rendered":"<p>Bem-vindo \u00e0 plataforma em linha WAY2GO. Uma plataforma em linha de f\u00e1cil utiliza\u00e7\u00e3o, acess\u00edvel e relevante (apoiada pela aplica\u00e7\u00e3o) para facilitar as interac\u00e7\u00f5es e a..<\/p>\n","protected":false},"author":1,"featured_media":0,"parent":0,"menu_order":0,"comment_status":"closed","ping_status":"closed","template":"","meta":{"_acf_changed":false,"inline_featured_image":false,"footnotes":""},"class_list":["post-1062","page","type-page","status-publish","hentry"],"acf":[],"_links":{"self":[{"href":"https:\/\/way2go-project.eu\/pt-pt\/wp-json\/wp\/v2\/pages\/1062","targetHints":{"allow":["GET"]}}],"collection":[{"href":"https:\/\/way2go-project.eu\/pt-pt\/wp-json\/wp\/v2\/pages"}],"about":[{"href":"https:\/\/way2go-project.eu\/pt-pt\/wp-json\/wp\/v2\/types\/page"}],"author":[{"embeddable":true,"href":"https:\/\/way2go-project.eu\/pt-pt\/wp-json\/wp\/v2\/users\/1"}],"replies":[{"embeddable":true,"href":"https:\/\/way2go-project.eu\/pt-pt\/wp-json\/wp\/v2\/comments?post=1062"}],"version-history":[{"count":3,"href":"https:\/\/way2go-project.eu\/pt-pt\/wp-json\/wp\/v2\/pages\/1062\/revisions"}],"predecessor-version":[{"id":1391,"href":"https:\/\/way2go-project.eu\/pt-pt\/wp-json\/wp\/v2\/pages\/1062\/revisions\/1391"}],"wp:attachment":[{"href":"https:\/\/way2go-project.eu\/pt-pt\/wp-json\/wp\/v2\/media?parent=1062"}],"curies":[{"name":"wp","href":"https:\/\/api.w.org\/{rel}","templated":true}]}}