{"id":1061,"date":"2022-02-24T14:11:37","date_gmt":"2022-02-24T11:11:37","guid":{"rendered":"https:\/\/way2go-project.eu\/elearning\/"},"modified":"2024-08-05T11:27:28","modified_gmt":"2024-08-05T08:27:28","slug":"elearning","status":"publish","type":"page","link":"https:\/\/way2go-project.eu\/it\/elearning\/","title":{"rendered":"e-Platform"},"content":{"rendered":"<div>\n<p>Benvenuti nella piattaforma online WAY2GO. Una piattaforma online facile da usare, accessibile e user-friendly, che insieme all\u2019app, facilita l\u2019interazione e la cooperazione tra i giovani e gli youth worker nei progetti Erasmus+.<\/p>\n<p>Su questa piattaforma gli youth worker possono trovare molti metodi ed attivit\u00e0 inclusive adatti alle specifiche esigenze. Inoltre, una guida passo passo su come organizzare progetti giovanili inclusivi e risorse educative gratuite per disabilit\u00e0, inclusione, diversit\u00e0 e accessibilit\u00e0. La piattaforma servir\u00e0 anche per riunire potenziali partner e partecipanti che potranno promuovere e trovare le call delle opportunit\u00e0 di mobilit\u00e0 e partecipazione finanziate dall\u2019UE<\/p>\n<\/div>\n<p>\n    <a href=\"https:\/\/e-learning.way2go-project.eu\/it\">Visita la piattaforma<\/a>\n<\/p>\n<p><img decoding=\"async\" src=\"\/wp-content\/uploads\/2023\/06\/elearning-15.png\" alt=\"\"><\/p>\n<p><!--more--><br \/>\n<!-- {\"type\":\"layout\",\"children\":[{\"type\":\"section\",\"props\":{\"image_position\":\"center-center\",\"padding\":\"small\",\"padding_remove_bottom\":false,\"padding_remove_top\":true,\"style\":\"default\",\"title_breakpoint\":\"xl\",\"title_position\":\"top-left\",\"title_rotation\":\"left\",\"vertical_align\":\"middle\",\"width\":\"default\"},\"children\":[{\"type\":\"row\",\"children\":[{\"type\":\"column\",\"props\":{\"image_position\":\"center-center\",\"media_overlay_gradient\":\"\",\"position_sticky_breakpoint\":\"m\"},\"children\":[{\"type\":\"headline\",\"props\":{\"css\":\".el-element{\\n\\ttext-transform: uppercase;\\n}\",\"title_color\":\"secondary\",\"title_element\":\"h1\"},\"source\":{\"query\":{\"name\":\"pages.singlePage\"},\"props\":{\"content\":{\"filters\":{\"search\":\"\"},\"name\":\"title\"}}}}]}]}]},{\"type\":\"section\",\"props\":{\"css\":\".el-section{\\n\\tbackground: #d4cdf9;\\n}\",\"image_position\":\"center-center\",\"style\":\"default\",\"title_breakpoint\":\"xl\",\"title_position\":\"top-left\",\"title_rotation\":\"left\",\"vertical_align\":\"middle\",\"width\":\"default\"},\"children\":[{\"type\":\"row\",\"props\":{\"layout\":\"2-3,1-3\"},\"children\":[{\"type\":\"column\",\"props\":{\"image_position\":\"center-center\",\"media_overlay_gradient\":\"\",\"position_sticky_breakpoint\":\"m\",\"vertical_align\":\"middle\",\"width_medium\":\"2-3\"},\"children\":[{\"type\":\"text\",\"props\":{\"column_breakpoint\":\"m\",\"content\":\"\n\n<p>Benvenuti nella piattaforma online WAY2GO. Una piattaforma online facile da usare, accessibile e user-friendly, che insieme all\\u2019app, facilita l\\u2019interazione e la cooperazione tra i giovani e gli youth worker nei progetti Erasmus+.<\\\/p>\\n\n\n<p><br \\\/>Su questa piattaforma gli youth worker possono trovare molti metodi ed attivit\\u00e0 inclusive adatti alle specifiche esigenze. Inoltre, una guida passo passo su come organizzare progetti giovanili inclusivi e risorse educative gratuite per disabilit\\u00e0, inclusione, diversit\\u00e0 e accessibilit\\u00e0. La piattaforma servir\\u00e0 anche per riunire potenziali partner e partecipanti che potranno promuovere e trovare le call delle opportunit\\u00e0 di mobilit\\u00e0 e partecipazione finanziate dall\\u2019UE<\\\/p>\",\"margin\":\"default\"}},{\"type\":\"button\",\"props\":{\"grid_column_gap\":\"small\",\"grid_row_gap\":\"small\",\"margin\":\"default\"},\"children\":[{\"type\":\"button_item\",\"props\":{\"button_style\":\"primary\",\"content\":\"Visita la piattaforma\",\"icon_align\":\"left\",\"link\":\"https:\\\/\\\/e-learning.way2go-project.eu\\\/it\",\"link_target\":\"blank\"}}],\"name\":\"BUTTON - Visit e-learning\"}]},{\"type\":\"column\",\"props\":{\"image_position\":\"center-center\",\"media_overlay_gradient\":\"\",\"position_sticky_breakpoint\":\"m\",\"width_medium\":\"1-3\"},\"children\":[{\"type\":\"image\",\"props\":{\"image\":\"wp-content\\\/uploads\\\/2023\\\/06\\\/elearning-15.png\",\"image_svg_color\":\"emphasis\",\"margin\":\"default\"}}]}]}]}],\"version\":\"3.0.20\"} --><\/p>\n","protected":false},"excerpt":{"rendered":"<p>Benvenuti nella piattaforma online WAY2GO. Una piattaforma online facile da usare, accessibile e user-friendly, che insieme all\u2019app, facilita l\u2019interazione e la cooperazione tra i giovani..<\/p>\n","protected":false},"author":1,"featured_media":0,"parent":0,"menu_order":0,"comment_status":"closed","ping_status":"closed","template":"","meta":{"_acf_changed":false,"inline_featured_image":false,"footnotes":""},"class_list":["post-1061","page","type-page","status-publish","hentry"],"acf":[],"_links":{"self":[{"href":"https:\/\/way2go-project.eu\/it\/wp-json\/wp\/v2\/pages\/1061","targetHints":{"allow":["GET"]}}],"collection":[{"href":"https:\/\/way2go-project.eu\/it\/wp-json\/wp\/v2\/pages"}],"about":[{"href":"https:\/\/way2go-project.eu\/it\/wp-json\/wp\/v2\/types\/page"}],"author":[{"embeddable":true,"href":"https:\/\/way2go-project.eu\/it\/wp-json\/wp\/v2\/users\/1"}],"replies":[{"embeddable":true,"href":"https:\/\/way2go-project.eu\/it\/wp-json\/wp\/v2\/comments?post=1061"}],"version-history":[{"count":2,"href":"https:\/\/way2go-project.eu\/it\/wp-json\/wp\/v2\/pages\/1061\/revisions"}],"predecessor-version":[{"id":1390,"href":"https:\/\/way2go-project.eu\/it\/wp-json\/wp\/v2\/pages\/1061\/revisions\/1390"}],"wp:attachment":[{"href":"https:\/\/way2go-project.eu\/it\/wp-json\/wp\/v2\/media?parent=1061"}],"curies":[{"name":"wp","href":"https:\/\/api.w.org\/{rel}","templated":true}]}}