{"id":1059,"date":"2022-02-24T14:11:37","date_gmt":"2022-02-24T11:11:37","guid":{"rendered":"https:\/\/way2go-project.eu\/elearning\/"},"modified":"2024-08-05T11:25:56","modified_gmt":"2024-08-05T08:25:56","slug":"elearning","status":"publish","type":"page","link":"https:\/\/way2go-project.eu\/de\/elearning\/","title":{"rendered":"Online-Plattform"},"content":{"rendered":"<div>\n<p>Willkommen auf der Online-Plattform WAY2GO. Eine benutzerfreundliche, zug\u00e4ngliche und relevante Online-Plattform (unterst\u00fctzt durch die App), die Interaktionen und Kooperationen zwischen jungen Menschen und Jugendbetreuern in Bezug auf Jugendprojekte erleichtert.<\/p>\n<p>Auf dieser Plattform k\u00f6nnen Jugendbetreuer von integrativen Methoden profitieren, die an die spezifischen Bed\u00fcrfnisse der Gruppe angepasst sind. Au\u00dferdem gibt es eine Schritt-f\u00fcr-Schritt-Anleitung f\u00fcr die Organisation inklusiver Jugendprojekte und kostenlose Bildungsressourcen zu den Themen Behinderung, Inklusion, Vielfalt und Barrierefreiheit. Dar\u00fcber hinaus ist es das Ziel der Plattform, potenzielle Partner und Teilnehmer zusammenzubringen und offene Ausschreibungen f\u00fcr neue EU-M\u00f6glichkeiten zu teilen.<\/p>\n<\/div>\n<p>\n    <a href=\"https:\/\/e-learning.way2go-project.eu\/de\/\">Besuchen Sie die E-Plattform<\/a>\n<\/p>\n<p><img decoding=\"async\" src=\"\/wp-content\/uploads\/2023\/06\/elearning-15.png\" alt=\"\"><\/p>\n<p><!--more--><br \/>\n<!-- {\"type\":\"layout\",\"children\":[{\"type\":\"section\",\"props\":{\"image_position\":\"center-center\",\"padding\":\"small\",\"padding_remove_bottom\":false,\"padding_remove_top\":true,\"style\":\"default\",\"title_breakpoint\":\"xl\",\"title_position\":\"top-left\",\"title_rotation\":\"left\",\"vertical_align\":\"middle\",\"width\":\"default\"},\"children\":[{\"type\":\"row\",\"children\":[{\"type\":\"column\",\"props\":{\"image_position\":\"center-center\",\"media_overlay_gradient\":\"\",\"position_sticky_breakpoint\":\"m\"},\"children\":[{\"type\":\"headline\",\"props\":{\"css\":\".el-element{\\n\\ttext-transform: uppercase;\\n}\",\"title_color\":\"secondary\",\"title_element\":\"h1\"},\"source\":{\"query\":{\"name\":\"pages.singlePage\"},\"props\":{\"content\":{\"filters\":{\"search\":\"\"},\"name\":\"title\"}}}}]}]}]},{\"type\":\"section\",\"props\":{\"css\":\".el-section{\\n\\tbackground: #d4cdf9;\\n}\",\"image_position\":\"center-center\",\"style\":\"default\",\"title_breakpoint\":\"xl\",\"title_position\":\"top-left\",\"title_rotation\":\"left\",\"vertical_align\":\"middle\",\"width\":\"default\"},\"children\":[{\"type\":\"row\",\"props\":{\"layout\":\"2-3,1-3\"},\"children\":[{\"type\":\"column\",\"props\":{\"image_position\":\"center-center\",\"media_overlay_gradient\":\"\",\"position_sticky_breakpoint\":\"m\",\"vertical_align\":\"middle\",\"width_medium\":\"2-3\"},\"children\":[{\"type\":\"text\",\"props\":{\"column_breakpoint\":\"m\",\"content\":\"\n\n<p>Willkommen auf der Online-Plattform WAY2GO. Eine benutzerfreundliche, zug\\u00e4ngliche und relevante Online-Plattform (unterst\\u00fctzt durch die App), die Interaktionen und Kooperationen zwischen jungen Menschen und Jugendbetreuern in Bezug auf Jugendprojekte erleichtert.<\\\/p>\\n\n\n<p><br \\\/>Auf dieser Plattform k\\u00f6nnen Jugendbetreuer von integrativen Methoden profitieren, die an die spezifischen Bed\\u00fcrfnisse der Gruppe angepasst sind. Au\\u00dferdem gibt es eine Schritt-f\\u00fcr-Schritt-Anleitung f\\u00fcr die Organisation inklusiver Jugendprojekte und kostenlose Bildungsressourcen zu den Themen Behinderung, Inklusion, Vielfalt und Barrierefreiheit. Dar\\u00fcber hinaus ist es das Ziel der Plattform, potenzielle Partner und Teilnehmer zusammenzubringen und offene Ausschreibungen f\\u00fcr neue EU-M\\u00f6glichkeiten zu teilen.<\\\/p>\",\"margin\":\"default\"}},{\"type\":\"button\",\"props\":{\"grid_column_gap\":\"small\",\"grid_row_gap\":\"small\",\"margin\":\"default\"},\"children\":[{\"type\":\"button_item\",\"props\":{\"button_style\":\"primary\",\"content\":\"Besuchen Sie die E-Plattform\",\"icon_align\":\"left\",\"link\":\"https:\\\/\\\/e-learning.way2go-project.eu\\\/de\\\/\",\"link_target\":\"blank\"}}],\"name\":\"BUTTON - Visit e-learning\"}]},{\"type\":\"column\",\"props\":{\"image_position\":\"center-center\",\"media_overlay_gradient\":\"\",\"position_sticky_breakpoint\":\"m\",\"width_medium\":\"1-3\"},\"children\":[{\"type\":\"image\",\"props\":{\"image\":\"wp-content\\\/uploads\\\/2023\\\/06\\\/elearning-15.png\",\"image_svg_color\":\"emphasis\",\"margin\":\"default\"}}]}]}]}],\"version\":\"3.0.20\"} --><\/p>\n","protected":false},"excerpt":{"rendered":"<p>Willkommen auf der Online-Plattform WAY2GO. Eine benutzerfreundliche, zug\u00e4ngliche und relevante Online-Plattform (unterst\u00fctzt durch die App), die Interaktionen und Kooperationen zwischen jungen Menschen und Jugendbetreuern in..<\/p>\n","protected":false},"author":1,"featured_media":0,"parent":0,"menu_order":0,"comment_status":"closed","ping_status":"closed","template":"","meta":{"_acf_changed":false,"inline_featured_image":false,"footnotes":""},"class_list":["post-1059","page","type-page","status-publish","hentry"],"acf":[],"_links":{"self":[{"href":"https:\/\/way2go-project.eu\/de\/wp-json\/wp\/v2\/pages\/1059","targetHints":{"allow":["GET"]}}],"collection":[{"href":"https:\/\/way2go-project.eu\/de\/wp-json\/wp\/v2\/pages"}],"about":[{"href":"https:\/\/way2go-project.eu\/de\/wp-json\/wp\/v2\/types\/page"}],"author":[{"embeddable":true,"href":"https:\/\/way2go-project.eu\/de\/wp-json\/wp\/v2\/users\/1"}],"replies":[{"embeddable":true,"href":"https:\/\/way2go-project.eu\/de\/wp-json\/wp\/v2\/comments?post=1059"}],"version-history":[{"count":4,"href":"https:\/\/way2go-project.eu\/de\/wp-json\/wp\/v2\/pages\/1059\/revisions"}],"predecessor-version":[{"id":1388,"href":"https:\/\/way2go-project.eu\/de\/wp-json\/wp\/v2\/pages\/1059\/revisions\/1388"}],"wp:attachment":[{"href":"https:\/\/way2go-project.eu\/de\/wp-json\/wp\/v2\/media?parent=1059"}],"curies":[{"name":"wp","href":"https:\/\/api.w.org\/{rel}","templated":true}]}}